{"id":23208,"date":"2023-05-24T11:31:59","date_gmt":"2023-05-24T09:31:59","guid":{"rendered":"http:\/\/portales.localhost\/publizitate-xede-diren-beste-eduki-batzuk\/"},"modified":"2024-10-17T09:07:47","modified_gmt":"2024-10-17T07:07:47","slug":"publizitate-xede-diren-beste-eduki-batzuk","status":"publish","type":"page","link":"https:\/\/www.berrioplano.es\/eu\/gardetasun\/publizitate-xede-diren-beste-eduki-batzuk\/","title":{"rendered":"Publizitate-xede diren beste eduki batzuk"},"content":{"rendered":"<p><strong>Atal honetan urteko publizitate-inbertsioari eta gehien errepikatzen diren informazio publikoko eskaerei buruzko informazioa aurkituko duzu.<\/strong><\/p>\n<ul>\n<li>Publizitate-inbertsioa.<\/li>\n<li>Iragarki ofizialak <span style=\"color: red;\">(Tabl\u00f3n web o Sede Electr\u00f3nica).<\/span><\/li>\n<li>Herritarren parte-hartzea <span style=\"color: red;\">(Tabl\u00f3n web o Sede Electr\u00f3nica)<\/span>.<\/li>\n<li>&#8230;<\/li>\n<li><a href=\"https:\/\/gobiernoabierto.navarra.es\/es\/transparencia\/solicitud-informacion-publica\/que-es\/como-acceder\/formulario\" target=\"_blank\" rel=\"noopener\">Informazio publikorako eskaera.<\/a><\/li>\n<\/ul>\n<p><a href=\"https:\/\/www.berrioplano.es\/plan-de-recuperacion-transformacion-y-resiliencia\/\"><img loading=\"lazy\" decoding=\"async\" class=\"alignnone size-medium wp-image-27544\" src=\"https:\/\/www.berrioplano.es\/wp-content\/uploads\/2024\/10\/LOGO-COLOR-300x169.jpg\" alt=\"\" width=\"300\" height=\"169\" srcset=\"https:\/\/www.berrioplano.es\/wp-content\/uploads\/2024\/10\/LOGO-COLOR-300x169.jpg 300w, https:\/\/www.berrioplano.es\/wp-content\/uploads\/2024\/10\/LOGO-COLOR-1024x576.jpg 1024w, https:\/\/www.berrioplano.es\/wp-content\/uploads\/2024\/10\/LOGO-COLOR-768x432.jpg 768w, https:\/\/www.berrioplano.es\/wp-content\/uploads\/2024\/10\/LOGO-COLOR-1536x864.jpg 1536w, https:\/\/www.berrioplano.es\/wp-content\/uploads\/2024\/10\/LOGO-COLOR-204x115.jpg 204w, https:\/\/www.berrioplano.es\/wp-content\/uploads\/2024\/10\/LOGO-COLOR.jpg 1920w\" sizes=\"(max-width: 300px) 100vw, 300px\" \/><\/a><\/p>\n","protected":false},"excerpt":{"rendered":"<p>Atal honetan urteko publizitate-inbertsioari eta gehien errepikatzen diren informazio publikoko eskaerei buruzko informazioa aurkituko duzu. Publizitate-inbertsioa. Iragarki ofizialak (Tabl\u00f3n web o Sede Electr\u00f3nica). Herritarren parte-hartzea (Tabl\u00f3n web o Sede Electr\u00f3nica). &#8230; Informazio publikorako eskaera.<\/p>\n","protected":false},"author":2,"featured_media":0,"parent":23186,"menu_order":0,"comment_status":"closed","ping_status":"closed","template":"","meta":{"_exactmetrics_skip_tracking":false,"_exactmetrics_sitenote_active":false,"_exactmetrics_sitenote_note":"","_exactmetrics_sitenote_category":0,"footnotes":""},"yoast_head":"<!-- This site is optimized with the Yoast SEO plugin v22.5 - https:\/\/yoast.com\/wordpress\/plugins\/seo\/ -->\r\n<title>Publizitate-xede diren beste eduki batzuk - Ayuntamiento de Berrioplano<\/title>\r\n<meta name=\"robots\" content=\"index, follow, max-snippet:-1, max-image-preview:large, max-video-preview:-1\" \/>\r\n<link rel=\"canonical\" href=\"https:\/\/www.berrioplano.es\/eu\/gardetasun\/publizitate-xede-diren-beste-eduki-batzuk\/\" \/>\r\n<meta property=\"og:locale\" content=\"eu_ES\" \/>\r\n<meta property=\"og:type\" content=\"article\" \/>\r\n<meta property=\"og:title\" content=\"Publizitate-xede diren beste eduki batzuk - Ayuntamiento de Berrioplano\" \/>\r\n<meta property=\"og:description\" content=\"Atal honetan urteko publizitate-inbertsioari eta gehien errepikatzen diren informazio publikoko eskaerei buruzko informazioa aurkituko duzu. Publizitate-inbertsioa. Iragarki ofizialak (Tabl\u00f3n web o Sede Electr\u00f3nica). Herritarren parte-hartzea (Tabl\u00f3n web o Sede Electr\u00f3nica). &#8230; Informazio publikorako eskaera.\" \/>\r\n<meta property=\"og:url\" content=\"https:\/\/www.berrioplano.es\/eu\/gardetasun\/publizitate-xede-diren-beste-eduki-batzuk\/\" \/>\r\n<meta property=\"og:site_name\" content=\"Ayuntamiento de Berrioplano\" \/>\r\n<meta property=\"article:modified_time\" content=\"2024-10-17T07:07:47+00:00\" \/>\r\n<meta property=\"og:image\" content=\"https:\/\/www.berrioplano.es\/wp-content\/uploads\/2024\/10\/LOGO-COLOR-300x169.jpg\" \/>\r\n<meta name=\"twitter:card\" content=\"summary_large_image\" \/>\r\n<script type=\"application\/ld+json\" class=\"yoast-schema-graph\">{\"@context\":\"https:\/\/schema.org\",\"@graph\":[{\"@type\":\"WebPage\",\"@id\":\"https:\/\/www.berrioplano.es\/eu\/gardetasun\/publizitate-xede-diren-beste-eduki-batzuk\/\",\"url\":\"https:\/\/www.berrioplano.es\/eu\/gardetasun\/publizitate-xede-diren-beste-eduki-batzuk\/\",\"name\":\"Publizitate-xede diren beste eduki batzuk - Ayuntamiento de Berrioplano\",\"isPartOf\":{\"@id\":\"https:\/\/www.berrioplano.es\/#website\"},\"primaryImageOfPage\":{\"@id\":\"https:\/\/www.berrioplano.es\/eu\/gardetasun\/publizitate-xede-diren-beste-eduki-batzuk\/#primaryimage\"},\"image\":{\"@id\":\"https:\/\/www.berrioplano.es\/eu\/gardetasun\/publizitate-xede-diren-beste-eduki-batzuk\/#primaryimage\"},\"thumbnailUrl\":\"https:\/\/www.berrioplano.es\/wp-content\/uploads\/2024\/10\/LOGO-COLOR-300x169.jpg\",\"datePublished\":\"2023-05-24T09:31:59+00:00\",\"dateModified\":\"2024-10-17T07:07:47+00:00\",\"breadcrumb\":{\"@id\":\"https:\/\/www.berrioplano.es\/eu\/gardetasun\/publizitate-xede-diren-beste-eduki-batzuk\/#breadcrumb\"},\"inLanguage\":\"eu-ES\",\"potentialAction\":[{\"@type\":\"ReadAction\",\"target\":[\"https:\/\/www.berrioplano.es\/eu\/gardetasun\/publizitate-xede-diren-beste-eduki-batzuk\/\"]}]},{\"@type\":\"ImageObject\",\"inLanguage\":\"eu-ES\",\"@id\":\"https:\/\/www.berrioplano.es\/eu\/gardetasun\/publizitate-xede-diren-beste-eduki-batzuk\/#primaryimage\",\"url\":\"https:\/\/www.berrioplano.es\/wp-content\/uploads\/2024\/10\/LOGO-COLOR-300x169.jpg\",\"contentUrl\":\"https:\/\/www.berrioplano.es\/wp-content\/uploads\/2024\/10\/LOGO-COLOR-300x169.jpg\"},{\"@type\":\"BreadcrumbList\",\"@id\":\"https:\/\/www.berrioplano.es\/eu\/gardetasun\/publizitate-xede-diren-beste-eduki-batzuk\/#breadcrumb\",\"itemListElement\":[{\"@type\":\"ListItem\",\"position\":1,\"name\":\"Home\",\"item\":\"https:\/\/www.berrioplano.es\/\"},{\"@type\":\"ListItem\",\"position\":2,\"name\":\"Gardetasun\",\"item\":\"https:\/\/www.berrioplano.es\/eu\/gardetasun\/\"},{\"@type\":\"ListItem\",\"position\":3,\"name\":\"Publizitate-xede diren beste eduki batzuk\"}]},{\"@type\":\"WebSite\",\"@id\":\"https:\/\/www.berrioplano.es\/#website\",\"url\":\"https:\/\/www.berrioplano.es\/\",\"name\":\"Ayuntamiento de Berrioplano\",\"description\":\"Sitio web del Ayuntamiento de Berrioplano\",\"potentialAction\":[{\"@type\":\"SearchAction\",\"target\":{\"@type\":\"EntryPoint\",\"urlTemplate\":\"https:\/\/www.berrioplano.es\/?s={search_term_string}\"},\"query-input\":\"required name=search_term_string\"}],\"inLanguage\":\"eu-ES\"}]}<\/script>\r\n<!-- \/ Yoast SEO plugin. -->","yoast_head_json":{"title":"Publizitate-xede diren beste eduki batzuk - Ayuntamiento de Berrioplano","robots":{"index":"index","follow":"follow","max-snippet":"max-snippet:-1","max-image-preview":"max-image-preview:large","max-video-preview":"max-video-preview:-1"},"canonical":"https:\/\/www.berrioplano.es\/eu\/gardetasun\/publizitate-xede-diren-beste-eduki-batzuk\/","og_locale":"eu_ES","og_type":"article","og_title":"Publizitate-xede diren beste eduki batzuk - Ayuntamiento de Berrioplano","og_description":"Atal honetan urteko publizitate-inbertsioari eta gehien errepikatzen diren informazio publikoko eskaerei buruzko informazioa aurkituko duzu. Publizitate-inbertsioa. Iragarki ofizialak (Tabl\u00f3n web o Sede Electr\u00f3nica). Herritarren parte-hartzea (Tabl\u00f3n web o Sede Electr\u00f3nica). &#8230; Informazio publikorako eskaera.","og_url":"https:\/\/www.berrioplano.es\/eu\/gardetasun\/publizitate-xede-diren-beste-eduki-batzuk\/","og_site_name":"Ayuntamiento de Berrioplano","article_modified_time":"2024-10-17T07:07:47+00:00","og_image":[{"url":"https:\/\/www.berrioplano.es\/wp-content\/uploads\/2024\/10\/LOGO-COLOR-300x169.jpg"}],"twitter_card":"summary_large_image","schema":{"@context":"https:\/\/schema.org","@graph":[{"@type":"WebPage","@id":"https:\/\/www.berrioplano.es\/eu\/gardetasun\/publizitate-xede-diren-beste-eduki-batzuk\/","url":"https:\/\/www.berrioplano.es\/eu\/gardetasun\/publizitate-xede-diren-beste-eduki-batzuk\/","name":"Publizitate-xede diren beste eduki batzuk - Ayuntamiento de Berrioplano","isPartOf":{"@id":"https:\/\/www.berrioplano.es\/#website"},"primaryImageOfPage":{"@id":"https:\/\/www.berrioplano.es\/eu\/gardetasun\/publizitate-xede-diren-beste-eduki-batzuk\/#primaryimage"},"image":{"@id":"https:\/\/www.berrioplano.es\/eu\/gardetasun\/publizitate-xede-diren-beste-eduki-batzuk\/#primaryimage"},"thumbnailUrl":"https:\/\/www.berrioplano.es\/wp-content\/uploads\/2024\/10\/LOGO-COLOR-300x169.jpg","datePublished":"2023-05-24T09:31:59+00:00","dateModified":"2024-10-17T07:07:47+00:00","breadcrumb":{"@id":"https:\/\/www.berrioplano.es\/eu\/gardetasun\/publizitate-xede-diren-beste-eduki-batzuk\/#breadcrumb"},"inLanguage":"eu-ES","potentialAction":[{"@type":"ReadAction","target":["https:\/\/www.berrioplano.es\/eu\/gardetasun\/publizitate-xede-diren-beste-eduki-batzuk\/"]}]},{"@type":"ImageObject","inLanguage":"eu-ES","@id":"https:\/\/www.berrioplano.es\/eu\/gardetasun\/publizitate-xede-diren-beste-eduki-batzuk\/#primaryimage","url":"https:\/\/www.berrioplano.es\/wp-content\/uploads\/2024\/10\/LOGO-COLOR-300x169.jpg","contentUrl":"https:\/\/www.berrioplano.es\/wp-content\/uploads\/2024\/10\/LOGO-COLOR-300x169.jpg"},{"@type":"BreadcrumbList","@id":"https:\/\/www.berrioplano.es\/eu\/gardetasun\/publizitate-xede-diren-beste-eduki-batzuk\/#breadcrumb","itemListElement":[{"@type":"ListItem","position":1,"name":"Home","item":"https:\/\/www.berrioplano.es\/"},{"@type":"ListItem","position":2,"name":"Gardetasun","item":"https:\/\/www.berrioplano.es\/eu\/gardetasun\/"},{"@type":"ListItem","position":3,"name":"Publizitate-xede diren beste eduki batzuk"}]},{"@type":"WebSite","@id":"https:\/\/www.berrioplano.es\/#website","url":"https:\/\/www.berrioplano.es\/","name":"Ayuntamiento de Berrioplano","description":"Sitio web del Ayuntamiento de Berrioplano","potentialAction":[{"@type":"SearchAction","target":{"@type":"EntryPoint","urlTemplate":"https:\/\/www.berrioplano.es\/?s={search_term_string}"},"query-input":"required name=search_term_string"}],"inLanguage":"eu-ES"}]}},"_links":{"self":[{"href":"https:\/\/www.berrioplano.es\/eu\/wp-json\/wp\/v2\/pages\/23208"}],"collection":[{"href":"https:\/\/www.berrioplano.es\/eu\/wp-json\/wp\/v2\/pages"}],"about":[{"href":"https:\/\/www.berrioplano.es\/eu\/wp-json\/wp\/v2\/types\/page"}],"author":[{"embeddable":true,"href":"https:\/\/www.berrioplano.es\/eu\/wp-json\/wp\/v2\/users\/2"}],"replies":[{"embeddable":true,"href":"https:\/\/www.berrioplano.es\/eu\/wp-json\/wp\/v2\/comments?post=23208"}],"version-history":[{"count":1,"href":"https:\/\/www.berrioplano.es\/eu\/wp-json\/wp\/v2\/pages\/23208\/revisions"}],"predecessor-version":[{"id":27547,"href":"https:\/\/www.berrioplano.es\/eu\/wp-json\/wp\/v2\/pages\/23208\/revisions\/27547"}],"up":[{"embeddable":true,"href":"https:\/\/www.berrioplano.es\/eu\/wp-json\/wp\/v2\/pages\/23186"}],"wp:attachment":[{"href":"https:\/\/www.berrioplano.es\/eu\/wp-json\/wp\/v2\/media?parent=23208"}],"curies":[{"name":"wp","href":"https:\/\/api.w.org\/{rel}","templated":true}]}}